{"id":116,"date":"2019-03-21T16:00:57","date_gmt":"2019-03-21T16:00:57","guid":{"rendered":"https:\/\/www.grupostin.com\/en\/?page_id=116"},"modified":"2021-12-23T08:57:12","modified_gmt":"2021-12-23T08:57:12","slug":"servicios","status":"publish","type":"page","link":"https:\/\/www.grupostin.com\/en\/servicios\/","title":{"rendered":"Services"},"content":{"rendered":"<p>[et_pb_section bb_built=\u00bb1&#8243; _builder_version=\u00bb3.0.106&#8243; next_background_color=\u00bb#000000&#8243;][et_pb_row custom_padding=\u00bb0px||0px|\u00bb _builder_version=\u00bb3.0.106&#8243;][et_pb_column type=\u00bb4_4&#8243;][et_pb_divider height=\u00bb100px\u00bb module_id=\u00bbbg__cabecera\u00bb _builder_version=\u00bb3.0.106&#8243; background_color=\u00bb#f2f2f2&#8243; \/][et_pb_post_title module_class=\u00bbtitulo__cabecera\u00bb _builder_version=\u00bb3.0.106&#8243; \/][et_pb_text module_class=\u00bbsubtitulo__cabecera\u00bb _builder_version=\u00bb3.0.106&#8243;]<\/p>\n<p><a href=\"#andamios\">Scaffolding\u00a0<\/a>\/ <a href=\"#aislamiento\">Insulation<\/a> \/ <a href=\"#logistica\">Logistics<\/a> \/ <a href=\"#alianzas\">Alliances<\/a><\/p>\n<p>[\/et_pb_text][et_pb_text module_class=\u00bbcontenido__cabecera\u00bb _builder_version=\u00bb3.0.106&#8243; custom_margin=\u00bb50px|||\u00bb]<\/p>\n<h2>Introduction<\/h2>\n<p>At the STIN Group, within the field of industrial construction, we dedicate ourselves to non-mechanical services basing our activity on HSEQ (Health, Safety, Environment, Quality), Engineering, Planning and Control.<\/p>\n<p>We intervene in the entire life cycle of the industrial plant, from the construction project to its maintenance.<\/p>\n<p>[\/et_pb_text][et_pb_text module_class=\u00bbleyenda__cabecera\u00bb _builder_version=\u00bb3.0.106&#8243; background_layout=\u00bblight\u00bb module_id=\u00bbleyenda__cabecera\u00bb]<\/p>\n<p>OUR AIM IS TO BE<br \/>\nTHE BEST SPECIALISTS<\/p>\n<p>[\/et_pb_text][\/et_pb_column][\/et_pb_row][\/et_pb_section][et_pb_section bb_built=\u00bb1&#8243; module_id=\u00bbandamios\u00bb module_class=\u00bbservicio\u00bb _builder_version=\u00bb3.0.106&#8243; prev_background_color=\u00bb#000000&#8243; next_background_color=\u00bb#000000&#8243;][et_pb_row _builder_version=\u00bb3.0.106&#8243; background_image=\u00bbhttps:\/\/www.grupostin.com\/en\/wp-content\/uploads\/sites\/5\/2021\/12\/calderas-3-v2.jpg\u00bb background_position=\u00bbbottom_center\u00bb][et_pb_column type=\u00bb4_4&#8243;][et_pb_text module_class=\u00bbtitulo__section&#8211;text\u00bb _builder_version=\u00bb3.0.106&#8243; background_layout=\u00bblight\u00bb]<\/p>\n<div style=\"display: flex; flex-direction: row; align-items: center;\"><img decoding=\"async\" src=\"https:\/\/www.grupostin.com\/wp-content\/uploads\/2021\/11\/icono-andamios.png\" style=\"width: 17%; margin-right: 12px;\"><\/p>\n<h2 style=\"font-size: inherit; padding-bottom: 0px;\">Scaffolding<\/h2>\n<\/div>\n<p>[\/et_pb_text][et_pb_text module_class=\u00bbcontenido__section&#8211;text\u00bb _builder_version=\u00bb3.0.106&#8243;]<\/p>\n<p>Integrated services: With the aim of satisfying the demands and peculiarities that the industrial sector places on scaffolding suppliers and installers, backed by our experience and always with the utmost safety and quality procedures.<\/p>\n<p>+ Engineering: Design, planning and control.<\/p>\n<p>+ Assembly and Disassembly: Material and people.<\/p>\n<p>+ Rent: Use of mounted material.<\/p>\n<p>+ Logistics: Ability to mobilise material and people.<\/p>\n<p>+ Safety: Safety in the assembly and use of our material.<\/p>\n<p>[\/et_pb_text][\/et_pb_column][\/et_pb_row][\/et_pb_section][et_pb_section bb_built=\u00bb1&#8243; module_id=\u00bbaislamiento\u00bb module_class=\u00bbservicio\u00bb _builder_version=\u00bb3.0.106&#8243; prev_background_color=\u00bb#000000&#8243; next_background_color=\u00bb#000000&#8243;][et_pb_row _builder_version=\u00bb3.0.106&#8243; background_image=\u00bbhttps:\/\/www.grupostin.com\/wp-content\/uploads\/2021\/11\/Adisseo-5.jpg\u00bb][et_pb_column type=\u00bb4_4&#8243;][et_pb_text module_class=\u00bbtitulo__section&#8211;text\u00bb _builder_version=\u00bb3.0.106&#8243; background_layout=\u00bblight\u00bb]<\/p>\n<div style=\"display: flex; flex-direction: row; align-items: center;\"><img decoding=\"async\" src=\"https:\/\/www.grupostin.com\/wp-content\/uploads\/2021\/11\/icono-aislamiento.png\" style=\"width: 17%; margin-right: 12px;\"><\/p>\n<h2 style=\"font-size: inherit; padding-bottom: 0px;\">Isolation<\/h2>\n<\/div>\n<p>[\/et_pb_text][et_pb_text module_class=\u00bbcontenido__section&#8211;text\u00bb _builder_version=\u00bb3.0.106&#8243;]<\/p>\n<p>Integrated services: The assembly of insulation techniques ensures that our customers\u2019 industrial production processes are carried out under safe and energy-efficient conditions.<\/p>\n<p>+ Purchase: Procurement of Materials<br \/>\n+ Manufacturing: Manufacture of parts and elements<br \/>\n+ Assembly: On-site assembly service of the processed material.<br \/>\n+ Warranty.<br \/>\n+ Engineering: Advance study and calculation to speed up deadlines.<\/p>\n<p>[\/et_pb_text][\/et_pb_column][\/et_pb_row][\/et_pb_section][et_pb_section bb_built=\u00bb1&#8243; fullwidth=\u00bboff\u00bb specialty=\u00bboff\u00bb prev_background_color=\u00bb#000000&#8243; _builder_version=\u00bb3.0.106&#8243; module_class=\u00bbservicio\u00bb next_background_color=\u00bb#000000&#8243; module_id=\u00bblogistica\u00bb][et_pb_row _builder_version=\u00bb3.0.106&#8243; background_image=\u00bbhttps:\/\/www.grupostin.com\/en\/wp-content\/uploads\/sites\/5\/2021\/12\/2.jpg\u00bb][et_pb_column type=\u00bb4_4&#8243;][et_pb_text _builder_version=\u00bb3.0.106&#8243; background_layout=\u00bblight\u00bb module_class=\u00bbtitulo__section&#8211;text\u00bb]<\/p>\n<div style=\"display: flex; flex-direction: row; align-items: center;\"><img decoding=\"async\" src=\"https:\/\/www.grupostin.com\/wp-content\/uploads\/2021\/11\/icono-pintura.png\" style=\"width: 17%; margin-right: 12px;\"><\/p>\n<h2 style=\"font-size: inherit; padding-bottom: 0px;\">Paint<\/h2>\n<\/div>\n<p>[\/et_pb_text][et_pb_text _builder_version=\u00bb3.0.106&#8243; background_layout=\u00bblight\u00bb module_class=\u00bbcontenido__section&#8211;text\u00bb]<\/p>\n<p>Servicios integrales: Aplicaci\u00f3n de tratamientos superficiales de limpieza y decapaje, para posterior aplicaci\u00f3n de pintura para proteger las diferentes estructuras de la corrosi\u00f3n.<\/p>\n<p>Nuestros colaboradores: AZKO NOBEL | JOTUM | PPG<\/p>\n<p>[\/et_pb_text][\/et_pb_column][\/et_pb_row][\/et_pb_section][et_pb_section bb_built=\u00bb1&#8243; module_id=\u00bbalianzas\u00bb module_class=\u00bbservicio\u00bb _builder_version=\u00bb3.0.106&#8243; prev_background_color=\u00bb#000000&#8243;][et_pb_row _builder_version=\u00bb3.0.106&#8243; background_image=\u00bbhttps:\/\/www.grupostin.com\/en\/wp-content\/uploads\/sites\/5\/2019\/04\/shutterstock_1067103281-2.jpg\u00bb background_position=\u00bbtop_right\u00bb][et_pb_column type=\u00bb4_4&#8243;][et_pb_text module_class=\u00bbtitulo__section&#8211;text\u00bb _builder_version=\u00bb3.0.106&#8243;]<\/p>\n<h2 style=\"font-size: inherit;\">Partnerships<\/h2>\n<p>[\/et_pb_text][et_pb_text module_class=\u00bbcontenido__section&#8211;text\u00bb _builder_version=\u00bb3.0.106&#8243;]<\/p>\n<p>At STIN Group, we define ourselves as a safe partner to do business with.<\/p>\n<p>We generate value through our relationships with customers and suppliers, basing our long-term relationships on mutual trust.<\/p>\n<p>Working with transparency and professionalism, prioritising the design of our services and their scope, with the aim of generating confidence in our customers.<\/p>\n<p>We involve our suppliers in the definition of our services and in the generation of our projects.<\/p>\n<p>[\/et_pb_text][\/et_pb_column][\/et_pb_row][\/et_pb_section]<\/p>\n","protected":false},"excerpt":{"rendered":"<p>[et_pb_section bb_built=\u00bb1&#8243; _builder_version=\u00bb3.0.106&#8243; next_background_color=\u00bb#000000&#8243;][et_pb_row custom_padding=\u00bb0px||0px|\u00bb _builder_version=\u00bb3.0.106&#8243;][et_pb_column type=\u00bb4_4&#8243;][et_pb_divider height=\u00bb100px\u00bb module_id=\u00bbbg__cabecera\u00bb _builder_version=\u00bb3.0.106&#8243; background_color=\u00bb#f2f2f2&#8243; \/][et_pb_post_title module_class=\u00bbtitulo__cabecera\u00bb _builder_version=\u00bb3.0.106&#8243; \/][et_pb_text module_class=\u00bbsubtitulo__cabecera\u00bb _builder_version=\u00bb3.0.106&#8243;] Scaffolding\u00a0\/ Insulation \/ Logistics \/ Alliances [\/et_pb_text][et_pb_text module_class=\u00bbcontenido__cabecera\u00bb _builder_version=\u00bb3.0.106&#8243; custom_margin=\u00bb50px|||\u00bb] Introduction At the STIN Group, within the field of industrial construction, we dedicate ourselves to non-mechanical services basing our activity on HSEQ (Health, Safety, Environment, Quality), Engineering, Planning [&hellip;]<\/p>\n","protected":false},"author":2,"featured_media":0,"parent":0,"menu_order":0,"comment_status":"closed","ping_status":"closed","template":"","meta":{"footnotes":""},"class_list":["post-116","page","type-page","status-publish","hentry"],"yoast_head":"<!-- This site is optimized with the Yoast SEO plugin v23.9 - https:\/\/yoast.com\/wordpress\/plugins\/seo\/ -->\n<title>Servicios Industriales| Grupo STIN<\/title>\n<meta name=\"description\" content=\"Conoce los servicios industriales del grupo STIN, nos dedicamos a la ingenier\u00eda, planificaci\u00f3n y control en construcciones industriales. \u00a1Inf\u00f3rmate!\" \/>\n<meta name=\"robots\" content=\"index, follow, max-snippet:-1, max-image-preview:large, max-video-preview:-1\" \/>\n<link rel=\"canonical\" href=\"https:\/\/www.grupostin.com\/en\/servicios\/\" \/>\n<meta property=\"og:locale\" content=\"es_ES\" \/>\n<meta property=\"og:type\" content=\"article\" \/>\n<meta property=\"og:title\" content=\"Servicios Industriales| Grupo STIN\" \/>\n<meta property=\"og:description\" content=\"Conoce los servicios industriales del grupo STIN, nos dedicamos a la ingenier\u00eda, planificaci\u00f3n y control en construcciones industriales. \u00a1Inf\u00f3rmate!\" \/>\n<meta property=\"og:url\" content=\"https:\/\/www.grupostin.com\/en\/servicios\/\" \/>\n<meta property=\"og:site_name\" content=\"Grupo STIN EN\" \/>\n<meta property=\"article:modified_time\" content=\"2021-12-23T08:57:12+00:00\" \/>\n<meta property=\"og:image\" content=\"https:\/\/www.grupostin.com\/wp-content\/uploads\/2021\/11\/icono-andamios.png\" \/>\n<meta name=\"twitter:card\" content=\"summary_large_image\" \/>\n<meta name=\"twitter:label1\" content=\"Tiempo de lectura\" \/>\n\t<meta name=\"twitter:data1\" content=\"4 minutos\" \/>\n<script type=\"application\/ld+json\" class=\"yoast-schema-graph\">{\"@context\":\"https:\/\/schema.org\",\"@graph\":[{\"@type\":\"WebPage\",\"@id\":\"https:\/\/www.grupostin.com\/en\/servicios\/\",\"url\":\"https:\/\/www.grupostin.com\/en\/servicios\/\",\"name\":\"Servicios Industriales| Grupo STIN\",\"isPartOf\":{\"@id\":\"https:\/\/www.grupostin.com\/en\/#website\"},\"primaryImageOfPage\":{\"@id\":\"https:\/\/www.grupostin.com\/en\/servicios\/#primaryimage\"},\"image\":{\"@id\":\"https:\/\/www.grupostin.com\/en\/servicios\/#primaryimage\"},\"thumbnailUrl\":\"https:\/\/www.grupostin.com\/wp-content\/uploads\/2021\/11\/icono-andamios.png\",\"datePublished\":\"2019-03-21T16:00:57+00:00\",\"dateModified\":\"2021-12-23T08:57:12+00:00\",\"description\":\"Conoce los servicios industriales del grupo STIN, nos dedicamos a la ingenier\u00eda, planificaci\u00f3n y control en construcciones industriales. \u00a1Inf\u00f3rmate!\",\"breadcrumb\":{\"@id\":\"https:\/\/www.grupostin.com\/en\/servicios\/#breadcrumb\"},\"inLanguage\":\"es\",\"potentialAction\":[{\"@type\":\"ReadAction\",\"target\":[\"https:\/\/www.grupostin.com\/en\/servicios\/\"]}]},{\"@type\":\"ImageObject\",\"inLanguage\":\"es\",\"@id\":\"https:\/\/www.grupostin.com\/en\/servicios\/#primaryimage\",\"url\":\"https:\/\/www.grupostin.com\/wp-content\/uploads\/2021\/11\/icono-andamios.png\",\"contentUrl\":\"https:\/\/www.grupostin.com\/wp-content\/uploads\/2021\/11\/icono-andamios.png\"},{\"@type\":\"BreadcrumbList\",\"@id\":\"https:\/\/www.grupostin.com\/en\/servicios\/#breadcrumb\",\"itemListElement\":[{\"@type\":\"ListItem\",\"position\":1,\"name\":\"Portada\",\"item\":\"https:\/\/www.grupostin.com\/en\/\"},{\"@type\":\"ListItem\",\"position\":2,\"name\":\"Services\"}]},{\"@type\":\"WebSite\",\"@id\":\"https:\/\/www.grupostin.com\/en\/#website\",\"url\":\"https:\/\/www.grupostin.com\/en\/\",\"name\":\"Grupo STIN EN\",\"description\":\"\",\"potentialAction\":[{\"@type\":\"SearchAction\",\"target\":{\"@type\":\"EntryPoint\",\"urlTemplate\":\"https:\/\/www.grupostin.com\/en\/?s={search_term_string}\"},\"query-input\":{\"@type\":\"PropertyValueSpecification\",\"valueRequired\":true,\"valueName\":\"search_term_string\"}}],\"inLanguage\":\"es\"}]}<\/script>\n<!-- \/ Yoast SEO plugin. -->","yoast_head_json":{"title":"Servicios Industriales| Grupo STIN","description":"Conoce los servicios industriales del grupo STIN, nos dedicamos a la ingenier\u00eda, planificaci\u00f3n y control en construcciones industriales. \u00a1Inf\u00f3rmate!","robots":{"index":"index","follow":"follow","max-snippet":"max-snippet:-1","max-image-preview":"max-image-preview:large","max-video-preview":"max-video-preview:-1"},"canonical":"https:\/\/www.grupostin.com\/en\/servicios\/","og_locale":"es_ES","og_type":"article","og_title":"Servicios Industriales| Grupo STIN","og_description":"Conoce los servicios industriales del grupo STIN, nos dedicamos a la ingenier\u00eda, planificaci\u00f3n y control en construcciones industriales. \u00a1Inf\u00f3rmate!","og_url":"https:\/\/www.grupostin.com\/en\/servicios\/","og_site_name":"Grupo STIN EN","article_modified_time":"2021-12-23T08:57:12+00:00","og_image":[{"url":"https:\/\/www.grupostin.com\/wp-content\/uploads\/2021\/11\/icono-andamios.png"}],"twitter_card":"summary_large_image","twitter_misc":{"Tiempo de lectura":"4 minutos"},"schema":{"@context":"https:\/\/schema.org","@graph":[{"@type":"WebPage","@id":"https:\/\/www.grupostin.com\/en\/servicios\/","url":"https:\/\/www.grupostin.com\/en\/servicios\/","name":"Servicios Industriales| Grupo STIN","isPartOf":{"@id":"https:\/\/www.grupostin.com\/en\/#website"},"primaryImageOfPage":{"@id":"https:\/\/www.grupostin.com\/en\/servicios\/#primaryimage"},"image":{"@id":"https:\/\/www.grupostin.com\/en\/servicios\/#primaryimage"},"thumbnailUrl":"https:\/\/www.grupostin.com\/wp-content\/uploads\/2021\/11\/icono-andamios.png","datePublished":"2019-03-21T16:00:57+00:00","dateModified":"2021-12-23T08:57:12+00:00","description":"Conoce los servicios industriales del grupo STIN, nos dedicamos a la ingenier\u00eda, planificaci\u00f3n y control en construcciones industriales. \u00a1Inf\u00f3rmate!","breadcrumb":{"@id":"https:\/\/www.grupostin.com\/en\/servicios\/#breadcrumb"},"inLanguage":"es","potentialAction":[{"@type":"ReadAction","target":["https:\/\/www.grupostin.com\/en\/servicios\/"]}]},{"@type":"ImageObject","inLanguage":"es","@id":"https:\/\/www.grupostin.com\/en\/servicios\/#primaryimage","url":"https:\/\/www.grupostin.com\/wp-content\/uploads\/2021\/11\/icono-andamios.png","contentUrl":"https:\/\/www.grupostin.com\/wp-content\/uploads\/2021\/11\/icono-andamios.png"},{"@type":"BreadcrumbList","@id":"https:\/\/www.grupostin.com\/en\/servicios\/#breadcrumb","itemListElement":[{"@type":"ListItem","position":1,"name":"Portada","item":"https:\/\/www.grupostin.com\/en\/"},{"@type":"ListItem","position":2,"name":"Services"}]},{"@type":"WebSite","@id":"https:\/\/www.grupostin.com\/en\/#website","url":"https:\/\/www.grupostin.com\/en\/","name":"Grupo STIN EN","description":"","potentialAction":[{"@type":"SearchAction","target":{"@type":"EntryPoint","urlTemplate":"https:\/\/www.grupostin.com\/en\/?s={search_term_string}"},"query-input":{"@type":"PropertyValueSpecification","valueRequired":true,"valueName":"search_term_string"}}],"inLanguage":"es"}]}},"_links":{"self":[{"href":"https:\/\/www.grupostin.com\/en\/wp-json\/wp\/v2\/pages\/116","targetHints":{"allow":["GET"]}}],"collection":[{"href":"https:\/\/www.grupostin.com\/en\/wp-json\/wp\/v2\/pages"}],"about":[{"href":"https:\/\/www.grupostin.com\/en\/wp-json\/wp\/v2\/types\/page"}],"author":[{"embeddable":true,"href":"https:\/\/www.grupostin.com\/en\/wp-json\/wp\/v2\/users\/2"}],"replies":[{"embeddable":true,"href":"https:\/\/www.grupostin.com\/en\/wp-json\/wp\/v2\/comments?post=116"}],"version-history":[{"count":43,"href":"https:\/\/www.grupostin.com\/en\/wp-json\/wp\/v2\/pages\/116\/revisions"}],"predecessor-version":[{"id":1567,"href":"https:\/\/www.grupostin.com\/en\/wp-json\/wp\/v2\/pages\/116\/revisions\/1567"}],"wp:attachment":[{"href":"https:\/\/www.grupostin.com\/en\/wp-json\/wp\/v2\/media?parent=116"}],"curies":[{"name":"wp","href":"https:\/\/api.w.org\/{rel}","templated":true}]}}