{"id":116,"date":"2019-03-21T16:00:57","date_gmt":"2019-03-21T16:00:57","guid":{"rendered":"https:\/\/www.grupostin.com\/fr\/?page_id=116"},"modified":"2021-12-23T08:56:52","modified_gmt":"2021-12-23T08:56:52","slug":"servicios","status":"publish","type":"page","link":"https:\/\/www.grupostin.com\/fr\/servicios\/","title":{"rendered":"SERVICES"},"content":{"rendered":"<p>[et_pb_section bb_built=\u00bb1&#8243; next_background_color=\u00bb#000000&#8243; _builder_version=\u00bb3.0.106&#8243;][et_pb_row _builder_version=\u00bb3.0.106&#8243; custom_padding=\u00bb0px||0px|\u00bb][et_pb_column type=\u00bb4_4&#8243;][et_pb_divider _builder_version=\u00bb3.0.106&#8243; height=\u00bb100px\u00bb module_id=\u00bbbg__cabecera\u00bb background_color=\u00bb#f2f2f2&#8243; \/][et_pb_post_title _builder_version=\u00bb3.0.106&#8243; title=\u00bbon\u00bb meta=\u00bbon\u00bb author=\u00bbon\u00bb date=\u00bbon\u00bb categories=\u00bbon\u00bb comments=\u00bbon\u00bb featured_image=\u00bbon\u00bb featured_placement=\u00bbbelow\u00bb text_color=\u00bbdark\u00bb text_background=\u00bboff\u00bb module_class=\u00bbtitulo__cabecera\u00bb \/][et_pb_text _builder_version=\u00bb3.0.106&#8243; background_layout=\u00bblight\u00bb module_class=\u00bbsubtitulo__cabecera\u00bb]<\/p>\n<p><a href=\"#andamios\">\u00c9chafaudages<\/a> \/ <a href=\"#aislamiento\">Isolation<\/a> \/ <a href=\"#logistica\">Logistique<\/a> \/ <a href=\"#alianzas\">Alliances<\/a><\/p>\n<p>[\/et_pb_text][et_pb_text _builder_version=\u00bb3.0.106&#8243; background_layout=\u00bblight\u00bb module_class=\u00bbcontenido__cabecera\u00bb]<\/p>\n<h2>Introduction<\/h2>\n<p>Au sein du Groupe STIN, dans le domaine de la construction industrielle, nous nous consacrons aux services non m\u00e9caniques en fondant notre activit\u00e9 sur la HSEQ (Health, Safety, Environment, Quality), l\u2019ing\u00e9nierie, la planification et le contr\u00f4le.<\/p>\n<p>Nous intervenons sur l\u2019ensemble du cycle de vie de l\u2019usine industrielle, du projet de construction \u00e0 sa maintenance.<\/p>\n<p>[\/et_pb_text][et_pb_text _builder_version=\u00bb3.0.106&#8243; background_layout=\u00bblight\u00bb module_class=\u00bbleyenda__cabecera\u00bb]<\/p>\n<p>NOUS SOUHAITONS \u00caTRE<br \/>\nLES MEILLEURS SP\u00c9CIALISTES<\/p>\n<p>[\/et_pb_text][\/et_pb_column][\/et_pb_row][\/et_pb_section][et_pb_section bb_built=\u00bb1&#8243; fullwidth=\u00bboff\u00bb specialty=\u00bboff\u00bb prev_background_color=\u00bb#000000&#8243; _builder_version=\u00bb3.0.106&#8243; module_class=\u00bbservicio\u00bb next_background_color=\u00bb#000000&#8243; module_id=\u00bbandamios\u00bb][et_pb_row _builder_version=\u00bb3.0.106&#8243; background_image=\u00bbhttps:\/\/www.grupostin.com\/fr\/wp-content\/uploads\/sites\/4\/2021\/12\/calderas-3-v2.jpg\u00bb background_position=\u00bbbottom_center\u00bb][et_pb_column type=\u00bb4_4&#8243;][et_pb_text _builder_version=\u00bb3.0.106&#8243; background_layout=\u00bblight\u00bb module_class=\u00bbtitulo__section&#8211;text\u00bb]<\/p>\n<div style=\"display: flex; flex-direction: row; align-items: center;\"><img decoding=\"async\" src=\"https:\/\/www.grupostin.com\/wp-content\/uploads\/2021\/11\/icono-andamios.png\" style=\"width: 17%; margin-right: 12px;\"><\/p>\n<h2 style=\"font-size: 37px; padding-bottom: 0px;\">\u00c9chafaudages<\/h2>\n<\/div>\n<p>[\/et_pb_text][et_pb_text _builder_version=\u00bb3.0.106&#8243; background_layout=\u00bblight\u00bb module_class=\u00bbcontenido__section&#8211;text\u00bb]<\/p>\n<p>Services int\u00e9gr\u00e9s\u00a0: Dans le but de satisfaire aux exigences et particularit\u00e9s que le secteur industriel pose aux compagnies de fourniture et d&#8217;installation d&#8217;\u00e9chafaudages, renforc\u00e9s par notre exp\u00e9rience et toujours avec la plus grande s\u00e9curit\u00e9 et en suivant les proc\u00e9dures de qualit\u00e9 les plus strictes.<\/p>\n<p>+ Ing\u00e9nierie: Conception, planification et contr\u00f4le.<\/p>\n<p>+ Montage et d\u00e9montage: Mat\u00e9riel et personnes.<\/p>\n<p>+ Location: Utilisation du mat\u00e9riel mont\u00e9.<\/p>\n<p>+ Logistique: Capacit\u00e9 de mobilisation de mat\u00e9riel et de personnes.<\/p>\n<p>+ Safety: S\u00e9curit\u00e9 dans le montage et l\u2019utilisation de notre mat\u00e9riel.<\/p>\n<p>[\/et_pb_text][\/et_pb_column][\/et_pb_row][\/et_pb_section][et_pb_section bb_built=\u00bb1&#8243; fullwidth=\u00bboff\u00bb specialty=\u00bboff\u00bb prev_background_color=\u00bb#000000&#8243; _builder_version=\u00bb3.0.106&#8243; module_class=\u00bbservicio\u00bb next_background_color=\u00bb#000000&#8243; module_id=\u00bbaislamiento\u00bb][et_pb_row _builder_version=\u00bb3.0.106&#8243; background_image=\u00bbhttps:\/\/www.grupostin.com\/wp-content\/uploads\/2021\/11\/Adisseo-5.jpg\u00bb][et_pb_column type=\u00bb4_4&#8243;][et_pb_text _builder_version=\u00bb3.0.106&#8243; background_layout=\u00bblight\u00bb module_class=\u00bbtitulo__section&#8211;text\u00bb]<\/p>\n<div style=\"display: flex; flex-direction: row; align-items: center;\"><img decoding=\"async\" src=\"https:\/\/www.grupostin.com\/wp-content\/uploads\/2021\/11\/icono-aislamiento.png\" style=\"width: 17%; margin-right: 12px;\"><\/p>\n<h2 style=\"font-size: inherit; padding-bottom: 0px;\">Isolation<\/h2>\n<\/div>\n<p>[\/et_pb_text][et_pb_text _builder_version=\u00bb3.0.106&#8243; background_layout=\u00bblight\u00bb module_class=\u00bbcontenido__section&#8211;text\u00bb]<\/p>\n<p>Services int\u00e9gr\u00e9s\u00a0: Le montage de techniques d&#8217;isolation garantit que les processus industriels de production de nos clients se d\u00e9roulent en toute s\u00e9curit\u00e9 et dans des conditions d\u2019efficacit\u00e9 \u00e9nerg\u00e9tique. <\/p>\n<p>+ Achat: Approvisionnement en mat\u00e9riaux.<br \/>\n+ Fabrication: Fabrication de pi\u00e8ces et d\u2019\u00e9l\u00e9ments.<br \/>\n+ Montage: Service de montage in situ du mat\u00e9riel transform\u00e9.<br \/>\n+ Garantie.<br \/>\n+ Ing\u00e9nierie: \u00c9tude et calcul anticip\u00e9 pour acc\u00e9l\u00e9rer les d\u00e9lais.<\/p>\n<p>[\/et_pb_text][\/et_pb_column][\/et_pb_row][\/et_pb_section][et_pb_section bb_built=\u00bb1&#8243; fullwidth=\u00bboff\u00bb specialty=\u00bboff\u00bb prev_background_color=\u00bb#000000&#8243; _builder_version=\u00bb3.0.106&#8243; module_class=\u00bbservicio\u00bb next_background_color=\u00bb#000000&#8243; module_id=\u00bblogistica\u00bb][et_pb_row _builder_version=\u00bb3.0.106&#8243; background_image=\u00bbhttps:\/\/www.grupostin.com\/fr\/wp-content\/uploads\/sites\/4\/2021\/12\/2.jpg\u00bb][et_pb_column type=\u00bb4_4&#8243;][et_pb_text _builder_version=\u00bb3.0.106&#8243; background_layout=\u00bblight\u00bb module_class=\u00bbtitulo__section&#8211;text\u00bb]<\/p>\n<div style=\"display: flex; flex-direction: row; align-items: center;\"><img decoding=\"async\" src=\"https:\/\/www.grupostin.com\/wp-content\/uploads\/2021\/11\/icono-pintura.png\" style=\"width: 17%; margin-right: 12px;\"><\/p>\n<h2 style=\"font-size: inherit; padding-bottom: 0px;\">Peinture<\/h2>\n<\/div>\n<p>[\/et_pb_text][et_pb_text _builder_version=\u00bb3.0.106&#8243; background_layout=\u00bblight\u00bb module_class=\u00bbcontenido__section&#8211;text\u00bb]<\/p>\n<p>Servicios integrales: Aplicaci\u00f3n de tratamientos superficiales de limpieza y decapaje, para posterior aplicaci\u00f3n de pintura para proteger las diferentes estructuras de la corrosi\u00f3n.<\/p>\n<p>Nuestros colaboradores: AZKO NOBEL | JOTUM | PPG<\/p>\n<p>[\/et_pb_text][\/et_pb_column][\/et_pb_row][\/et_pb_section][et_pb_section bb_built=\u00bb1&#8243; fullwidth=\u00bboff\u00bb specialty=\u00bboff\u00bb prev_background_color=\u00bb#000000&#8243; _builder_version=\u00bb3.0.106&#8243; module_class=\u00bbservicio\u00bb module_id=\u00bbalianzas\u00bb][et_pb_row _builder_version=\u00bb3.0.106&#8243; background_image=\u00bbhttps:\/\/www.grupostin.com\/fr\/wp-content\/uploads\/sites\/4\/2019\/04\/shutterstock_1067103281-2.jpg\u00bb background_position=\u00bbtop_right\u00bb][et_pb_column type=\u00bb4_4&#8243;][et_pb_text _builder_version=\u00bb3.0.106&#8243; background_layout=\u00bblight\u00bb module_class=\u00bbtitulo__section&#8211;text\u00bb]<\/p>\n<h2 style=\"font-size:inherit\">Alliances<\/h2>\n<p>[\/et_pb_text][et_pb_text _builder_version=\u00bb3.0.106&#8243; background_layout=\u00bblight\u00bb module_class=\u00bbcontenido__section&#8211;text\u00bb]<\/p>\n<p>Chez GROUPE STIN, nous nous consid\u00e9rons le <strong>partenaire s\u00fbr pour faire des affaires<\/strong>.<\/p>\n<p>Nous cr\u00e9ons de la valeur par les relations que nous maintenons avec nos clients et nos fournisseurs, en les basant \u00e0 long terme sur la confiance mutuelle. <\/p>\n<p>Nous travaillons avec transparence et professionnalisme, en donnant la priorit\u00e9 \u00e0 la conception de nos services et leur port\u00e9e, dans le but de gagner la confiance de nos clients.<\/p>\n<p>Nous impliquons nos fournisseurs dans la d\u00e9finition de nos services et dans la g\u00e9n\u00e9ration de nos projets.<\/p>\n<p>[\/et_pb_text][\/et_pb_column][\/et_pb_row][\/et_pb_section]<\/p>\n","protected":false},"excerpt":{"rendered":"<p>[et_pb_section bb_built=\u00bb1&#8243; next_background_color=\u00bb#000000&#8243; _builder_version=\u00bb3.0.106&#8243;][et_pb_row _builder_version=\u00bb3.0.106&#8243; custom_padding=\u00bb0px||0px|\u00bb][et_pb_column type=\u00bb4_4&#8243;][et_pb_divider _builder_version=\u00bb3.0.106&#8243; height=\u00bb100px\u00bb module_id=\u00bbbg__cabecera\u00bb background_color=\u00bb#f2f2f2&#8243; \/][et_pb_post_title _builder_version=\u00bb3.0.106&#8243; title=\u00bbon\u00bb meta=\u00bbon\u00bb author=\u00bbon\u00bb date=\u00bbon\u00bb categories=\u00bbon\u00bb comments=\u00bbon\u00bb featured_image=\u00bbon\u00bb featured_placement=\u00bbbelow\u00bb text_color=\u00bbdark\u00bb text_background=\u00bboff\u00bb module_class=\u00bbtitulo__cabecera\u00bb \/][et_pb_text _builder_version=\u00bb3.0.106&#8243; background_layout=\u00bblight\u00bb module_class=\u00bbsubtitulo__cabecera\u00bb] \u00c9chafaudages \/ Isolation \/ Logistique \/ Alliances [\/et_pb_text][et_pb_text _builder_version=\u00bb3.0.106&#8243; background_layout=\u00bblight\u00bb module_class=\u00bbcontenido__cabecera\u00bb] Introduction Au sein du Groupe STIN, dans le domaine de la construction industrielle, nous nous consacrons [&hellip;]<\/p>\n","protected":false},"author":2,"featured_media":0,"parent":0,"menu_order":0,"comment_status":"closed","ping_status":"closed","template":"","meta":{"footnotes":""},"class_list":["post-116","page","type-page","status-publish","hentry"],"yoast_head":"<!-- This site is optimized with the Yoast SEO plugin v23.9 - https:\/\/yoast.com\/wordpress\/plugins\/seo\/ -->\n<title>Servicios Industriales| Grupo STIN<\/title>\n<meta name=\"description\" content=\"Conoce los servicios industriales del grupo STIN, nos dedicamos a la ingenier\u00eda, planificaci\u00f3n y control en construcciones industriales. \u00a1Inf\u00f3rmate!\" \/>\n<meta name=\"robots\" content=\"index, follow, max-snippet:-1, max-image-preview:large, max-video-preview:-1\" \/>\n<link rel=\"canonical\" href=\"https:\/\/www.grupostin.com\/fr\/servicios\/\" \/>\n<meta property=\"og:locale\" content=\"es_ES\" \/>\n<meta property=\"og:type\" content=\"article\" \/>\n<meta property=\"og:title\" content=\"Servicios Industriales| Grupo STIN\" \/>\n<meta property=\"og:description\" content=\"Conoce los servicios industriales del grupo STIN, nos dedicamos a la ingenier\u00eda, planificaci\u00f3n y control en construcciones industriales. \u00a1Inf\u00f3rmate!\" \/>\n<meta property=\"og:url\" content=\"https:\/\/www.grupostin.com\/fr\/servicios\/\" \/>\n<meta property=\"og:site_name\" content=\"Grupo STIN FR\" \/>\n<meta property=\"article:modified_time\" content=\"2021-12-23T08:56:52+00:00\" \/>\n<meta property=\"og:image\" content=\"https:\/\/www.grupostin.com\/wp-content\/uploads\/2021\/11\/icono-andamios.png\" \/>\n<meta name=\"twitter:card\" content=\"summary_large_image\" \/>\n<meta name=\"twitter:label1\" content=\"Tiempo de lectura\" \/>\n\t<meta name=\"twitter:data1\" content=\"4 minutos\" \/>\n<script type=\"application\/ld+json\" class=\"yoast-schema-graph\">{\"@context\":\"https:\/\/schema.org\",\"@graph\":[{\"@type\":\"WebPage\",\"@id\":\"https:\/\/www.grupostin.com\/fr\/servicios\/\",\"url\":\"https:\/\/www.grupostin.com\/fr\/servicios\/\",\"name\":\"Servicios Industriales| Grupo STIN\",\"isPartOf\":{\"@id\":\"https:\/\/www.grupostin.com\/fr\/#website\"},\"primaryImageOfPage\":{\"@id\":\"https:\/\/www.grupostin.com\/fr\/servicios\/#primaryimage\"},\"image\":{\"@id\":\"https:\/\/www.grupostin.com\/fr\/servicios\/#primaryimage\"},\"thumbnailUrl\":\"https:\/\/www.grupostin.com\/wp-content\/uploads\/2021\/11\/icono-andamios.png\",\"datePublished\":\"2019-03-21T16:00:57+00:00\",\"dateModified\":\"2021-12-23T08:56:52+00:00\",\"description\":\"Conoce los servicios industriales del grupo STIN, nos dedicamos a la ingenier\u00eda, planificaci\u00f3n y control en construcciones industriales. \u00a1Inf\u00f3rmate!\",\"breadcrumb\":{\"@id\":\"https:\/\/www.grupostin.com\/fr\/servicios\/#breadcrumb\"},\"inLanguage\":\"es\",\"potentialAction\":[{\"@type\":\"ReadAction\",\"target\":[\"https:\/\/www.grupostin.com\/fr\/servicios\/\"]}]},{\"@type\":\"ImageObject\",\"inLanguage\":\"es\",\"@id\":\"https:\/\/www.grupostin.com\/fr\/servicios\/#primaryimage\",\"url\":\"https:\/\/www.grupostin.com\/wp-content\/uploads\/2021\/11\/icono-andamios.png\",\"contentUrl\":\"https:\/\/www.grupostin.com\/wp-content\/uploads\/2021\/11\/icono-andamios.png\"},{\"@type\":\"BreadcrumbList\",\"@id\":\"https:\/\/www.grupostin.com\/fr\/servicios\/#breadcrumb\",\"itemListElement\":[{\"@type\":\"ListItem\",\"position\":1,\"name\":\"Portada\",\"item\":\"https:\/\/www.grupostin.com\/fr\/\"},{\"@type\":\"ListItem\",\"position\":2,\"name\":\"SERVICES\"}]},{\"@type\":\"WebSite\",\"@id\":\"https:\/\/www.grupostin.com\/fr\/#website\",\"url\":\"https:\/\/www.grupostin.com\/fr\/\",\"name\":\"Grupo STIN FR\",\"description\":\"\",\"potentialAction\":[{\"@type\":\"SearchAction\",\"target\":{\"@type\":\"EntryPoint\",\"urlTemplate\":\"https:\/\/www.grupostin.com\/fr\/?s={search_term_string}\"},\"query-input\":{\"@type\":\"PropertyValueSpecification\",\"valueRequired\":true,\"valueName\":\"search_term_string\"}}],\"inLanguage\":\"es\"}]}<\/script>\n<!-- \/ Yoast SEO plugin. -->","yoast_head_json":{"title":"Servicios Industriales| Grupo STIN","description":"Conoce los servicios industriales del grupo STIN, nos dedicamos a la ingenier\u00eda, planificaci\u00f3n y control en construcciones industriales. \u00a1Inf\u00f3rmate!","robots":{"index":"index","follow":"follow","max-snippet":"max-snippet:-1","max-image-preview":"max-image-preview:large","max-video-preview":"max-video-preview:-1"},"canonical":"https:\/\/www.grupostin.com\/fr\/servicios\/","og_locale":"es_ES","og_type":"article","og_title":"Servicios Industriales| Grupo STIN","og_description":"Conoce los servicios industriales del grupo STIN, nos dedicamos a la ingenier\u00eda, planificaci\u00f3n y control en construcciones industriales. \u00a1Inf\u00f3rmate!","og_url":"https:\/\/www.grupostin.com\/fr\/servicios\/","og_site_name":"Grupo STIN FR","article_modified_time":"2021-12-23T08:56:52+00:00","og_image":[{"url":"https:\/\/www.grupostin.com\/wp-content\/uploads\/2021\/11\/icono-andamios.png"}],"twitter_card":"summary_large_image","twitter_misc":{"Tiempo de lectura":"4 minutos"},"schema":{"@context":"https:\/\/schema.org","@graph":[{"@type":"WebPage","@id":"https:\/\/www.grupostin.com\/fr\/servicios\/","url":"https:\/\/www.grupostin.com\/fr\/servicios\/","name":"Servicios Industriales| Grupo STIN","isPartOf":{"@id":"https:\/\/www.grupostin.com\/fr\/#website"},"primaryImageOfPage":{"@id":"https:\/\/www.grupostin.com\/fr\/servicios\/#primaryimage"},"image":{"@id":"https:\/\/www.grupostin.com\/fr\/servicios\/#primaryimage"},"thumbnailUrl":"https:\/\/www.grupostin.com\/wp-content\/uploads\/2021\/11\/icono-andamios.png","datePublished":"2019-03-21T16:00:57+00:00","dateModified":"2021-12-23T08:56:52+00:00","description":"Conoce los servicios industriales del grupo STIN, nos dedicamos a la ingenier\u00eda, planificaci\u00f3n y control en construcciones industriales. \u00a1Inf\u00f3rmate!","breadcrumb":{"@id":"https:\/\/www.grupostin.com\/fr\/servicios\/#breadcrumb"},"inLanguage":"es","potentialAction":[{"@type":"ReadAction","target":["https:\/\/www.grupostin.com\/fr\/servicios\/"]}]},{"@type":"ImageObject","inLanguage":"es","@id":"https:\/\/www.grupostin.com\/fr\/servicios\/#primaryimage","url":"https:\/\/www.grupostin.com\/wp-content\/uploads\/2021\/11\/icono-andamios.png","contentUrl":"https:\/\/www.grupostin.com\/wp-content\/uploads\/2021\/11\/icono-andamios.png"},{"@type":"BreadcrumbList","@id":"https:\/\/www.grupostin.com\/fr\/servicios\/#breadcrumb","itemListElement":[{"@type":"ListItem","position":1,"name":"Portada","item":"https:\/\/www.grupostin.com\/fr\/"},{"@type":"ListItem","position":2,"name":"SERVICES"}]},{"@type":"WebSite","@id":"https:\/\/www.grupostin.com\/fr\/#website","url":"https:\/\/www.grupostin.com\/fr\/","name":"Grupo STIN FR","description":"","potentialAction":[{"@type":"SearchAction","target":{"@type":"EntryPoint","urlTemplate":"https:\/\/www.grupostin.com\/fr\/?s={search_term_string}"},"query-input":{"@type":"PropertyValueSpecification","valueRequired":true,"valueName":"search_term_string"}}],"inLanguage":"es"}]}},"_links":{"self":[{"href":"https:\/\/www.grupostin.com\/fr\/wp-json\/wp\/v2\/pages\/116","targetHints":{"allow":["GET"]}}],"collection":[{"href":"https:\/\/www.grupostin.com\/fr\/wp-json\/wp\/v2\/pages"}],"about":[{"href":"https:\/\/www.grupostin.com\/fr\/wp-json\/wp\/v2\/types\/page"}],"author":[{"embeddable":true,"href":"https:\/\/www.grupostin.com\/fr\/wp-json\/wp\/v2\/users\/2"}],"replies":[{"embeddable":true,"href":"https:\/\/www.grupostin.com\/fr\/wp-json\/wp\/v2\/comments?post=116"}],"version-history":[{"count":42,"href":"https:\/\/www.grupostin.com\/fr\/wp-json\/wp\/v2\/pages\/116\/revisions"}],"predecessor-version":[{"id":1789,"href":"https:\/\/www.grupostin.com\/fr\/wp-json\/wp\/v2\/pages\/116\/revisions\/1789"}],"wp:attachment":[{"href":"https:\/\/www.grupostin.com\/fr\/wp-json\/wp\/v2\/media?parent=116"}],"curies":[{"name":"wp","href":"https:\/\/api.w.org\/{rel}","templated":true}]}}