{"id":1317,"date":"2019-05-22T15:54:48","date_gmt":"2019-05-22T15:54:48","guid":{"rendered":"https:\/\/www.grupostin.com\/fr\/?page_id=1317"},"modified":"2026-04-07T08:06:46","modified_gmt":"2026-04-07T08:06:46","slug":"politique-de-cookies","status":"publish","type":"page","link":"https:\/\/www.grupostin.com\/fr\/politique-de-cookies\/","title":{"rendered":"Politique de Cookies"},"content":{"rendered":"<p data-start=\"106\" data-end=\"454\">Le propri\u00e9taire du site Web <a class=\"decorated-link cursor-pointer\" target=\"_new\" rel=\"noopener\" data-start=\"134\" data-end=\"151\">www.grupostin.com<\/a> est STIN SERVICIOS NO MEC\u00c1NICOS, S.L.U, ainsi que le titulaire et responsable des fichiers contenant des informations personnelles fournies volontairement par ses utilisateurs, ayant pris toutes les mesures de s\u00e9curit\u00e9 l\u00e9gales n\u00e9cessaires pour prot\u00e9ger les donn\u00e9es et la vie priv\u00e9e de ses utilisateurs.<\/p>\n<p data-start=\"456\" data-end=\"820\">Le traitement des donn\u00e9es personnelles effectu\u00e9 par le biais de ce site Web respecte le r\u00e8glement (UE) 2016\/679, relatif \u00e0 la protection des donn\u00e9es personnelles (R\u00e8glement G\u00e9n\u00e9ral sur la Protection des Donn\u00e9es), la Loi organique sur la Protection des Donn\u00e9es Personnelles, ainsi que les mesures de s\u00e9curit\u00e9 applicables en fonction de la r\u00e9glementation en vigueur.<\/p>\n<p data-start=\"822\" data-end=\"1259\"><strong data-start=\"822\" data-end=\"849\">Droit \u00e0 l&#8217;information :<\/strong> Si l&#8217;utilisateur d\u00e9cide de demander des informations via notre site Web, seules les donn\u00e9es strictement n\u00e9cessaires \u00e0 l&#8217;objectif du site Web seront demand\u00e9es, qui est la fourniture d&#8217;informations et la promotion de nos services, tous disponibles sur notre site Web. En aucun cas, ces donn\u00e9es ne seront utilis\u00e9es \u00e0 d&#8217;autres fins que celles pour lesquelles elles ont \u00e9t\u00e9 volontairement fournies sur le site Web.<\/p>\n<p data-start=\"1261\" data-end=\"1604\">Les donn\u00e9es personnelles fournies par l&#8217;utilisateur feront partie d&#8217;un traitement des donn\u00e9es \u00e0 caract\u00e8re personnel. Ces donn\u00e9es seront trait\u00e9es uniquement si l&#8217;utilisateur a donn\u00e9 son consentement pr\u00e9alable, qu&#8217;il exprime en cliquant sur le bouton \u00ab ENVOYER \u00bb, et l&#8217;utilisateur pourra r\u00e9voquer son consentement \u00e0 tout moment s&#8217;il le souhaite.<\/p>\n<p data-start=\"1606\" data-end=\"1884\">Les utilisateurs qui fournissent volontairement leurs donn\u00e9es au propri\u00e9taire du site Web par l&#8217;un des moyens \u00e9tablis \u00e0 cet effet, consentent et acceptent explicitement, de mani\u00e8re claire, pr\u00e9cise et sans ambigu\u00eft\u00e9, en ayant coch\u00e9 la case correspondante, les \u00e9l\u00e9ments suivants :<\/p>\n<p data-start=\"1886\" data-end=\"2151\">Le RESPONSABLE du traitement est STIN SERVICIOS NO MEC\u00c1NICOS, S.L.U, SISTEMAS TUBULARES DE INGENIER\u00cdA CANARIAS, S.L., SISTEMAS T\u00c9CNICOS AUXILIARES, SAC, STE SYSTEMESTECHNIQUE DES ECHAFAUDAGES SARL, et STIN SISTEMAS T\u00c9CNICOS INTERNACIONALES SA DE CV (ci-apr\u00e8s STIN).<\/p>\n<p data-start=\"2153\" data-end=\"2200\">Les OBJECTIFS du traitement sont les suivants :<\/p>\n<ul data-start=\"2202\" data-end=\"2825\">\n<li data-section-id=\"141lgb1\" data-start=\"2202\" data-end=\"2334\">La gestion de la demande, de la requ\u00eate ou de la consultation, et le maintien des relations entre le site Web et ses utilisateurs.<\/li>\n<li data-section-id=\"1ol5v30\" data-start=\"2335\" data-end=\"2684\">Autorisation explicite permettant l&#8217;utilisation des donn\u00e9es fournies pour l&#8217;envoi, par tout moyen de communication, y compris \u00e9lectronique, de communications commerciales, d&#8217;informations d&#8217;int\u00e9r\u00eat et de rappels, \u00e0 condition que l&#8217;utilisateur ait coch\u00e9 la case correspondante ou ait donn\u00e9 son autorisation de mani\u00e8re explicite par tout autre moyen.<\/li>\n<li data-section-id=\"1vqe62f\" data-start=\"2685\" data-end=\"2825\">Information concernant l&#8217;utilisation des cookies aux fins sp\u00e9cifiques et concr\u00e8tes, comme indiqu\u00e9 dans cette politique de confidentialit\u00e9.<\/li>\n<\/ul>\n<p data-start=\"2827\" data-end=\"3403\">La L\u00c9GITIMATION pour le traitement repose sur la relation \u00e9tablie et le consentement explicite de l&#8217;utilisateur. Nous vous informons que vous pouvez r\u00e9voquer votre consentement \u00e0 tout moment, par un moyen simple et facile. Nous garantissons vos DROITS d&#8217;acc\u00e8s, de rectification ou de suppression de vos donn\u00e9es, ainsi que votre droit \u00e0 la limitation ou \u00e0 la portabilit\u00e9. Nous vous informons que nous CONSERVONS vos donn\u00e9es tant que vous ne r\u00e9voquez pas votre autorisation, et une fois r\u00e9voqu\u00e9e, nous conserverons les donn\u00e9es en fonction des d\u00e9lais de prescription des actions.<\/p>\n<p data-start=\"3405\" data-end=\"4256\"><strong data-start=\"3405\" data-end=\"3432\">Politique des cookies :<\/strong> L&#8217;article 22.2\u00ba de la LSSI stipule que des dispositifs de stockage et de r\u00e9cup\u00e9ration de donn\u00e9es peuvent \u00eatre utilis\u00e9s sur les appareils des destinataires, \u00e0 condition que ceux-ci aient donn\u00e9 leur consentement apr\u00e8s avoir re\u00e7u une information claire et compl\u00e8te sur leur utilisation, notamment sur les objectifs du traitement des donn\u00e9es, conform\u00e9ment \u00e0 la Loi Organique 3\/2018 du 5 d\u00e9cembre, sur la protection des donn\u00e9es personnelles. \u00c0 cet \u00e9gard, des cookies peuvent \u00eatre d\u00e9pos\u00e9s sur votre appareil. Il s&#8217;agit de petits fichiers dont le but est de se souvenir des pages visit\u00e9es pour faciliter la navigation future. Vous pouvez supprimer les cookies en s\u00e9lectionnant l&#8217;option de votre navigateur \u00e0 cet effet. \u00c0 tout moment, vous pouvez supprimer tous les cookies en utilisant l&#8217;option correspondante de votre navigateur.<\/p>\n<p data-start=\"4258\" data-end=\"4645\"><strong data-start=\"4258\" data-end=\"4302\">Types de cookies utilis\u00e9s et objectifs :<\/strong> L&#8217;utilisateur du site Web consent express\u00e9ment \u00e0 l&#8217;utilisation des cookies conform\u00e9ment \u00e0 l&#8217;objectif inform\u00e9. Si l&#8217;utilisateur ne consent pas, il doit quitter le site Web imm\u00e9diatement ou bloquer les cookies dans son navigateur comme expliqu\u00e9 ci-dessous. Si l&#8217;utilisateur continue de naviguer, nous consid\u00e9rons qu&#8217;il accepte leur utilisation.<\/p>\n<p data-start=\"4647\" data-end=\"4670\"><strong data-start=\"4647\" data-end=\"4670\">Guide des cookies :<\/strong><\/p>\n<p data-start=\"4672\" data-end=\"4763\">Cookies exempt\u00e9s d&#8217;information et de consentement : il s&#8217;agit de ceux dont l&#8217;objectif est :<\/p>\n<ul data-start=\"4765\" data-end=\"5181\">\n<li data-section-id=\"16hmne6\" data-start=\"4765\" data-end=\"4804\">Cookies \u00ab d&#8217;entr\u00e9e de l&#8217;utilisateur \u00bb<\/li>\n<li data-section-id=\"4z1uzs\" data-start=\"4805\" data-end=\"4899\">Cookies d&#8217;authentification ou d&#8217;identification de l&#8217;utilisateur (uniquement pour la session)<\/li>\n<li data-section-id=\"g2mznb\" data-start=\"4900\" data-end=\"4938\">Cookies de s\u00e9curit\u00e9 de l&#8217;utilisateur<\/li>\n<li data-section-id=\"zkjdho\" data-start=\"4939\" data-end=\"4986\">Cookies de session pour le lecteur multim\u00e9dia<\/li>\n<li data-section-id=\"1rffd1z\" data-start=\"4987\" data-end=\"5039\">Cookies de session pour l&#8217;\u00e9quilibrage de la charge<\/li>\n<li data-section-id=\"c7rs9\" data-start=\"5040\" data-end=\"5096\">Cookies de personnalisation de l&#8217;interface utilisateur<\/li>\n<li data-section-id=\"qfexr8\" data-start=\"5097\" data-end=\"5181\">Cookies de compl\u00e9ment (plug-in) pour le partage de contenu sur les r\u00e9seaux sociaux<\/li>\n<\/ul>\n<p data-start=\"5183\" data-end=\"5314\">Classification des cookies soumis \u00e0 information et consentement, selon le rapport de l&#8217;Agence Espagnole de Protection des Donn\u00e9es :<\/p>\n<p data-start=\"5316\" data-end=\"5366\"><strong data-start=\"5316\" data-end=\"5366\">Types de cookies selon l&#8217;entit\u00e9 qui les g\u00e8re :<\/strong><\/p>\n<ul data-start=\"5368\" data-end=\"6483\">\n<li data-section-id=\"nxwokf\" data-start=\"5368\" data-end=\"6008\">\n<p data-start=\"5370\" data-end=\"5580\"><strong data-start=\"5370\" data-end=\"5391\">Cookies propres :<\/strong> Ce sont ceux qui sont envoy\u00e9s \u00e0 l&#8217;appareil de l&#8217;utilisateur depuis un appareil ou un domaine g\u00e9r\u00e9 par l&#8217;\u00e9diteur lui-m\u00eame et \u00e0 partir duquel le service demand\u00e9 par l&#8217;utilisateur est fourni.<\/p>\n<div class=\"TyagGW_tableContainer\">\n<div class=\"group TyagGW_tableWrapper flex flex-col-reverse w-fit\" tabindex=\"-1\">\n<table class=\"w-fit min-w-(--thread-content-width)\" data-start=\"5584\" data-end=\"6008\">\n<thead data-start=\"5584\" data-end=\"5644\">\n<tr data-start=\"5584\" data-end=\"5644\">\n<th class=\"\" data-start=\"5584\" data-end=\"5601\" data-col-size=\"sm\">Nom<\/th>\n<th class=\"\" data-start=\"5601\" data-end=\"5620\" data-col-size=\"sm\">Type de cookie<\/th>\n<th class=\"\" data-start=\"5620\" data-end=\"5632\" data-col-size=\"sm\">Dur\u00e9e<\/th>\n<th class=\"\" data-start=\"5632\" data-end=\"5644\" data-col-size=\"xl\">Objectif<\/th>\n<\/tr>\n<\/thead>\n<tbody data-start=\"5710\" data-end=\"6008\">\n<tr data-start=\"5710\" data-end=\"6008\">\n<td data-start=\"5710\" data-end=\"5728\" data-col-size=\"sm\">cookie_GRUP0ST1N<\/td>\n<td data-start=\"5728\" data-end=\"5747\" data-col-size=\"sm\">N\u00e9cessaire<\/td>\n<td data-start=\"5747\" data-end=\"5759\" data-col-size=\"sm\">1 an<\/td>\n<td data-start=\"5759\" data-end=\"6008\" data-col-size=\"xl\">Nous d\u00e9finissons ce cookie pour m\u00e9moriser les pr\u00e9f\u00e9rences de consentement des utilisateurs, afin de respecter leurs choix lors des prochaines visites sur ce site. Il ne collecte ni ne stocke d&#8217;informations personnelles sur les visiteurs du site.<\/td>\n<\/tr>\n<\/tbody>\n<\/table>\n<\/div>\n<\/div>\n<\/li>\n<li data-section-id=\"wpubkm\" data-start=\"6010\" data-end=\"6483\"><strong data-start=\"6012\" data-end=\"6034\">Cookies de tiers :<\/strong> Ce sont ceux qui sont envoy\u00e9s \u00e0 l&#8217;appareil de l&#8217;utilisateur depuis un appareil ou un domaine qui n&#8217;est pas g\u00e9r\u00e9 par l&#8217;\u00e9diteur, mais par une autre entit\u00e9 qui traite les donn\u00e9es obtenues par le biais des cookies. Si les cookies sont install\u00e9s \u00e0 partir d&#8217;un appareil ou d&#8217;un domaine g\u00e9r\u00e9 par l&#8217;\u00e9diteur, mais que les informations collect\u00e9es par ces cookies sont g\u00e9r\u00e9es par un tiers, ces cookies ne peuvent pas \u00eatre consid\u00e9r\u00e9s comme des cookies propres.<\/li>\n<\/ul>\n<p data-start=\"6485\" data-end=\"6573\"><strong data-start=\"6485\" data-end=\"6573\">Types de cookies selon la dur\u00e9e de leur activation sur l&#8217;appareil de l&#8217;utilisateur :<\/strong><\/p>\n<ul data-start=\"6575\" data-end=\"6976\">\n<li data-section-id=\"1gq9zl\" data-start=\"6575\" data-end=\"6715\"><strong data-start=\"6577\" data-end=\"6601\">Cookies de session :<\/strong> Ce sont des cookies con\u00e7us pour collecter et stocker des donn\u00e9es pendant que l&#8217;utilisateur acc\u00e8de \u00e0 une page web.<\/li>\n<li data-section-id=\"1mxelws\" data-start=\"6716\" data-end=\"6976\"><strong data-start=\"6718\" data-end=\"6743\">Cookies persistants :<\/strong> Ce sont des cookies dans lesquels les donn\u00e9es restent stock\u00e9es sur l&#8217;appareil et peuvent \u00eatre accessibles et trait\u00e9es pendant une p\u00e9riode d\u00e9termin\u00e9e par le responsable du cookie, pouvant aller de quelques minutes \u00e0 plusieurs ann\u00e9es.<\/li>\n<\/ul>\n<p data-start=\"6978\" data-end=\"7020\"><strong data-start=\"6978\" data-end=\"7020\">Types de cookies selon leur objectif :<\/strong><\/p>\n<ul data-start=\"7022\" data-end=\"8830\">\n<li data-section-id=\"g6jqvv\" data-start=\"7022\" data-end=\"7617\"><strong data-start=\"7024\" data-end=\"7048\">Cookies techniques :<\/strong> Ce sont ceux qui permettent \u00e0 l&#8217;utilisateur de naviguer sur une page Web, une plateforme ou une application et d&#8217;utiliser les diff\u00e9rentes options ou services qu&#8217;elle offre, tels que la gestion du trafic de donn\u00e9es, l&#8217;identification de la session, l&#8217;acc\u00e8s \u00e0 des sections restreintes, la m\u00e9morisation des \u00e9l\u00e9ments dans une commande, le processus d&#8217;achat d&#8217;une commande, l&#8217;inscription \u00e0 un \u00e9v\u00e9nement, l&#8217;utilisation d&#8217;\u00e9l\u00e9ments de s\u00e9curit\u00e9 pendant la navigation, le stockage de contenus pour diffuser des vid\u00e9os ou du son, ou le partage de contenus via les r\u00e9seaux sociaux.<\/li>\n<li data-section-id=\"6aipv1\" data-start=\"7618\" data-end=\"7904\"><strong data-start=\"7620\" data-end=\"7653\">Cookies de personnalisation :<\/strong> Ce sont ceux qui permettent \u00e0 l&#8217;utilisateur d&#8217;acc\u00e9der au service avec des caract\u00e9ristiques pr\u00e9-d\u00e9finies en fonction de certains crit\u00e8res sur l&#8217;appareil de l&#8217;utilisateur, comme la langue, le type de navigateur utilis\u00e9, la configuration r\u00e9gionale, etc.<\/li>\n<li data-section-id=\"10591zc\" data-start=\"7905\" data-end=\"8235\"><strong data-start=\"7907\" data-end=\"7930\">Cookies d&#8217;analyse :<\/strong> Ce sont ceux qui permettent au responsable de suivre et d&#8217;analyser le comportement des utilisateurs des sites web auxquels ils sont associ\u00e9s. Les informations collect\u00e9es \u00e0 travers ces cookies sont utilis\u00e9es pour mesurer l&#8217;activit\u00e9 des sites web et pour \u00e9tablir des profils de navigation des utilisateurs.<\/li>\n<li data-section-id=\"1o92jcm\" data-start=\"8236\" data-end=\"8508\"><strong data-start=\"8238\" data-end=\"8265\">Cookies publicitaires :<\/strong> Ce sont ceux qui permettent la gestion, de mani\u00e8re plus efficace, des espaces publicitaires inclus sur un site web, une application ou une plateforme en fonction de crit\u00e8res tels que le contenu \u00e9dit\u00e9 ou la fr\u00e9quence d&#8217;apparition des annonces.<\/li>\n<li data-section-id=\"1jiy5jl\" data-start=\"8509\" data-end=\"8830\"><strong data-start=\"8511\" data-end=\"8555\">Cookies publicitaires comportementales :<\/strong> Ce sont ceux qui permettent de g\u00e9rer les espaces publicitaires de mani\u00e8re plus efficace en fonction de l&#8217;observation continue des habitudes de navigation des utilisateurs, ce qui permet de cr\u00e9er un profil sp\u00e9cifique pour afficher des publicit\u00e9s en fonction de ces habitudes.<\/li>\n<\/ul>\n<p data-start=\"8832\" data-end=\"9054\">Vous pouvez autoriser, bloquer ou supprimer les cookies install\u00e9s sur votre appareil en configurant les options de votre navigateur. Pour plus d&#8217;informations, veuillez cliquer sur le lien correspondant \u00e0 votre navigateur :<\/p>\n<ul data-start=\"9056\" data-end=\"9657\" data-is-last-node=\"\" data-is-only-node=\"\">\n<li data-section-id=\"blqsf0\" data-start=\"9056\" data-end=\"9238\">Firefox : <a class=\"decorated-link\" href=\"http:\/\/support.mozilla.org\/es\/kb\/habilitar-y-deshabilitar-cookies-que-los-sitios-we\" target=\"_new\" rel=\"noopener\" data-start=\"9068\" data-end=\"9238\">http:\/\/support.mozilla.org\/es\/kb\/habilitar-y-deshabilitar-cookies-que-los-sitios-we<\/a><\/li>\n<li data-section-id=\"13dkey3\" data-start=\"9239\" data-end=\"9384\">Chrome : <a class=\"decorated-link\" href=\"http:\/\/support.google.com\/chrome\/bin\/answer.py?hl=es&amp;answer=95647\" target=\"_new\" rel=\"noopener\" data-start=\"9250\" data-end=\"9384\">http:\/\/support.google.com\/chrome\/bin\/answer.py?hl=es&amp;answer=95647<\/a><\/li>\n<li data-section-id=\"1z1in2\" data-start=\"9385\" data-end=\"9578\">Explorer : <a class=\"decorated-link\" href=\"http:\/\/windows.microsoft.com\/es-es\/windows7\/how-to-manage-cookies-in-internet-explorer-9\" target=\"_new\" rel=\"noopener\" data-start=\"9398\" data-end=\"9578\">http:\/\/windows.microsoft.com\/es-es\/windows7\/how-to-manage-cookies-in-internet-explorer-9<\/a><\/li>\n<li data-section-id=\"alggtt\" data-start=\"9579\" data-end=\"9657\" data-is-last-node=\"\">Safari : [<a class=\"decorated-link cursor-pointer\" target=\"_new\" rel=\"noopener\">http:\/\/support.apple.com\/kb\/ph5042](<\/a><a class=\"decorated-link cursor-pointer\" target=\"_new\" rel=\"noopener\" data-start=\"9627\" data-end=\"9657\" data-is-last-node=\"\">http:\/\/support.apple.com\/kb\/ph<\/a><\/li>\n<\/ul>\n","protected":false},"excerpt":{"rendered":"<p>Le propri\u00e9taire du site Web www.grupostin.com est STIN SERVICIOS NO MEC\u00c1NICOS, S.L.U, ainsi que le titulaire et responsable des fichiers contenant des informations personnelles fournies volontairement par ses utilisateurs, ayant pris toutes les mesures de s\u00e9curit\u00e9 l\u00e9gales n\u00e9cessaires pour prot\u00e9ger les donn\u00e9es et la vie priv\u00e9e de ses utilisateurs. Le traitement des donn\u00e9es personnelles effectu\u00e9 [&hellip;]<\/p>\n","protected":false},"author":1,"featured_media":0,"parent":0,"menu_order":0,"comment_status":"closed","ping_status":"closed","template":"","meta":{"footnotes":""},"class_list":["post-1317","page","type-page","status-publish","hentry"],"yoast_head":"<!-- This site is optimized with the Yoast SEO plugin v23.9 - https:\/\/yoast.com\/wordpress\/plugins\/seo\/ -->\n<title>Politique de Cookies - Grupo STIN FR<\/title>\n<meta name=\"robots\" content=\"index, follow, max-snippet:-1, max-image-preview:large, max-video-preview:-1\" \/>\n<link rel=\"canonical\" href=\"https:\/\/www.grupostin.com\/fr\/politique-de-cookies\/\" \/>\n<meta property=\"og:locale\" content=\"es_ES\" \/>\n<meta property=\"og:type\" content=\"article\" \/>\n<meta property=\"og:title\" content=\"Politique de Cookies - Grupo STIN FR\" \/>\n<meta property=\"og:description\" content=\"Le propri\u00e9taire du site Web www.grupostin.com est STIN SERVICIOS NO MEC\u00c1NICOS, S.L.U, ainsi que le titulaire et responsable des fichiers contenant des informations personnelles fournies volontairement par ses utilisateurs, ayant pris toutes les mesures de s\u00e9curit\u00e9 l\u00e9gales n\u00e9cessaires pour prot\u00e9ger les donn\u00e9es et la vie priv\u00e9e de ses utilisateurs. Le traitement des donn\u00e9es personnelles effectu\u00e9 [&hellip;]\" \/>\n<meta property=\"og:url\" content=\"https:\/\/www.grupostin.com\/fr\/politique-de-cookies\/\" \/>\n<meta property=\"og:site_name\" content=\"Grupo STIN FR\" \/>\n<meta property=\"article:modified_time\" content=\"2026-04-07T08:06:46+00:00\" \/>\n<meta name=\"twitter:card\" content=\"summary_large_image\" \/>\n<meta name=\"twitter:label1\" content=\"Tiempo de lectura\" \/>\n\t<meta name=\"twitter:data1\" content=\"6 minutos\" \/>\n<script type=\"application\/ld+json\" class=\"yoast-schema-graph\">{\"@context\":\"https:\/\/schema.org\",\"@graph\":[{\"@type\":\"WebPage\",\"@id\":\"https:\/\/www.grupostin.com\/fr\/politique-de-cookies\/\",\"url\":\"https:\/\/www.grupostin.com\/fr\/politique-de-cookies\/\",\"name\":\"Politique de Cookies - Grupo STIN FR\",\"isPartOf\":{\"@id\":\"https:\/\/www.grupostin.com\/fr\/#website\"},\"datePublished\":\"2019-05-22T15:54:48+00:00\",\"dateModified\":\"2026-04-07T08:06:46+00:00\",\"breadcrumb\":{\"@id\":\"https:\/\/www.grupostin.com\/fr\/politique-de-cookies\/#breadcrumb\"},\"inLanguage\":\"es\",\"potentialAction\":[{\"@type\":\"ReadAction\",\"target\":[\"https:\/\/www.grupostin.com\/fr\/politique-de-cookies\/\"]}]},{\"@type\":\"BreadcrumbList\",\"@id\":\"https:\/\/www.grupostin.com\/fr\/politique-de-cookies\/#breadcrumb\",\"itemListElement\":[{\"@type\":\"ListItem\",\"position\":1,\"name\":\"Portada\",\"item\":\"https:\/\/www.grupostin.com\/fr\/\"},{\"@type\":\"ListItem\",\"position\":2,\"name\":\"Politique de Cookies\"}]},{\"@type\":\"WebSite\",\"@id\":\"https:\/\/www.grupostin.com\/fr\/#website\",\"url\":\"https:\/\/www.grupostin.com\/fr\/\",\"name\":\"Grupo STIN FR\",\"description\":\"\",\"potentialAction\":[{\"@type\":\"SearchAction\",\"target\":{\"@type\":\"EntryPoint\",\"urlTemplate\":\"https:\/\/www.grupostin.com\/fr\/?s={search_term_string}\"},\"query-input\":{\"@type\":\"PropertyValueSpecification\",\"valueRequired\":true,\"valueName\":\"search_term_string\"}}],\"inLanguage\":\"es\"}]}<\/script>\n<!-- \/ Yoast SEO plugin. -->","yoast_head_json":{"title":"Politique de Cookies - Grupo STIN FR","robots":{"index":"index","follow":"follow","max-snippet":"max-snippet:-1","max-image-preview":"max-image-preview:large","max-video-preview":"max-video-preview:-1"},"canonical":"https:\/\/www.grupostin.com\/fr\/politique-de-cookies\/","og_locale":"es_ES","og_type":"article","og_title":"Politique de Cookies - Grupo STIN FR","og_description":"Le propri\u00e9taire du site Web www.grupostin.com est STIN SERVICIOS NO MEC\u00c1NICOS, S.L.U, ainsi que le titulaire et responsable des fichiers contenant des informations personnelles fournies volontairement par ses utilisateurs, ayant pris toutes les mesures de s\u00e9curit\u00e9 l\u00e9gales n\u00e9cessaires pour prot\u00e9ger les donn\u00e9es et la vie priv\u00e9e de ses utilisateurs. Le traitement des donn\u00e9es personnelles effectu\u00e9 [&hellip;]","og_url":"https:\/\/www.grupostin.com\/fr\/politique-de-cookies\/","og_site_name":"Grupo STIN FR","article_modified_time":"2026-04-07T08:06:46+00:00","twitter_card":"summary_large_image","twitter_misc":{"Tiempo de lectura":"6 minutos"},"schema":{"@context":"https:\/\/schema.org","@graph":[{"@type":"WebPage","@id":"https:\/\/www.grupostin.com\/fr\/politique-de-cookies\/","url":"https:\/\/www.grupostin.com\/fr\/politique-de-cookies\/","name":"Politique de Cookies - Grupo STIN FR","isPartOf":{"@id":"https:\/\/www.grupostin.com\/fr\/#website"},"datePublished":"2019-05-22T15:54:48+00:00","dateModified":"2026-04-07T08:06:46+00:00","breadcrumb":{"@id":"https:\/\/www.grupostin.com\/fr\/politique-de-cookies\/#breadcrumb"},"inLanguage":"es","potentialAction":[{"@type":"ReadAction","target":["https:\/\/www.grupostin.com\/fr\/politique-de-cookies\/"]}]},{"@type":"BreadcrumbList","@id":"https:\/\/www.grupostin.com\/fr\/politique-de-cookies\/#breadcrumb","itemListElement":[{"@type":"ListItem","position":1,"name":"Portada","item":"https:\/\/www.grupostin.com\/fr\/"},{"@type":"ListItem","position":2,"name":"Politique de Cookies"}]},{"@type":"WebSite","@id":"https:\/\/www.grupostin.com\/fr\/#website","url":"https:\/\/www.grupostin.com\/fr\/","name":"Grupo STIN FR","description":"","potentialAction":[{"@type":"SearchAction","target":{"@type":"EntryPoint","urlTemplate":"https:\/\/www.grupostin.com\/fr\/?s={search_term_string}"},"query-input":{"@type":"PropertyValueSpecification","valueRequired":true,"valueName":"search_term_string"}}],"inLanguage":"es"}]}},"_links":{"self":[{"href":"https:\/\/www.grupostin.com\/fr\/wp-json\/wp\/v2\/pages\/1317","targetHints":{"allow":["GET"]}}],"collection":[{"href":"https:\/\/www.grupostin.com\/fr\/wp-json\/wp\/v2\/pages"}],"about":[{"href":"https:\/\/www.grupostin.com\/fr\/wp-json\/wp\/v2\/types\/page"}],"author":[{"embeddable":true,"href":"https:\/\/www.grupostin.com\/fr\/wp-json\/wp\/v2\/users\/1"}],"replies":[{"embeddable":true,"href":"https:\/\/www.grupostin.com\/fr\/wp-json\/wp\/v2\/comments?post=1317"}],"version-history":[{"count":6,"href":"https:\/\/www.grupostin.com\/fr\/wp-json\/wp\/v2\/pages\/1317\/revisions"}],"predecessor-version":[{"id":1907,"href":"https:\/\/www.grupostin.com\/fr\/wp-json\/wp\/v2\/pages\/1317\/revisions\/1907"}],"wp:attachment":[{"href":"https:\/\/www.grupostin.com\/fr\/wp-json\/wp\/v2\/media?parent=1317"}],"curies":[{"name":"wp","href":"https:\/\/api.w.org\/{rel}","templated":true}]}}