{"id":1321,"date":"2019-05-22T15:56:04","date_gmt":"2019-05-22T15:56:04","guid":{"rendered":"https:\/\/www.grupostin.com\/fr\/?page_id=1321"},"modified":"2026-04-07T07:54:01","modified_gmt":"2026-04-07T07:54:01","slug":"aviso-legal","status":"publish","type":"page","link":"https:\/\/www.grupostin.com\/fr\/aviso-legal\/","title":{"rendered":"Aviso Legal"},"content":{"rendered":"<p data-start=\"92\" data-end=\"598\"><strong data-start=\"92\" data-end=\"129\">Identit\u00e9 du titulaire du site Web<\/strong> : Le pr\u00e9sent avis et informations l\u00e9gales r\u00e9gissent l\u2019utilisation du service du site Internet sous le nom de domaine suivant : <a class=\"decorated-link\" href=\"http:\/\/www.grupostin.com\" target=\"_new\" rel=\"noopener\" data-start=\"257\" data-end=\"281\">http:\/\/www.grupostin.com<\/a>. GRUPO STIN est le nom commercial inclus sur le site Web ci-dessus indiqu\u00e9 et objet du pr\u00e9sent avis l\u00e9gal, en tant que prestataire de services de la soci\u00e9t\u00e9 de l\u2019information, il est soumis aux dispositions de la Loi 34\/2002, du 11 juillet, sur les Services de la Soci\u00e9t\u00e9 de l&#8217;Information et le Commerce \u00c9lectronique.<\/p>\n<p data-start=\"600\" data-end=\"1051\">GRUPO STIN est le nom commercial appartenant \u00e0 STIN SERVICIOS NO MEC\u00c1NICOS, S.L.U., domicili\u00e9e \u00e0 Avenida Cerro del \u00c1guila 3, Edif. 2, 2\u00e8me \u00e9tage, Bureau B, 28703 San Sebasti\u00e1n de los Reyes (Madrid). L\u2019adresse e-mail du service client est <a class=\"decorated-link cursor-pointer\" rel=\"noopener\" data-start=\"838\" data-end=\"871\">comunicaciones.lopd@grupostin.com<\/a> et le num\u00e9ro de t\u00e9l\u00e9phone de contact est (+34) 911 92 40 37. La soci\u00e9t\u00e9 est inscrite au Registre du Commerce de Madrid, volume 10.340, feuille 101, page M-164585 et NIF B81355141.<\/p>\n<p data-start=\"1053\" data-end=\"1461\">Le site Web est la propri\u00e9t\u00e9 de STIN SERVICIOS NO MEC\u00c1NICOS, S.L.U., qui se r\u00e9serve le droit d\u2019effectuer, \u00e0 tout moment et sans pr\u00e9avis, des modifications de l\u2019information contenue sur ce site ou de la configuration et pr\u00e9sentation de celui-ci. Le titulaire d\u00e9tient tous les droits d&#8217;auteur sur tous les contenus du site Web, qu&#8217;ils soient de son propre chef ou obtenus par cession ou accords avec des tiers.<\/p>\n<p data-start=\"1463\" data-end=\"2590\">En acc\u00e9dant \u00e0 ce site Web, y compris toutes ses pages, vous acceptez que STIN SERVICIOS NO MEC\u00c1NICOS, S.L.U. ne soit responsable d&#8217;aucune cons\u00e9quence, dommage ou pr\u00e9judice d\u00e9coulant de cet acc\u00e8s ou de l\u2019utilisation des informations de ce site Web ou de l\u2019acc\u00e8s \u00e0 d\u2019autres informations sur Internet via les connexions \u00e0 ce site. Il n\u2019assume aucune responsabilit\u00e9 et l\u2019utilisateur l\u2019accepte, pour les erreurs ou probl\u00e8mes informatiques caus\u00e9s par des virus, vers, logiciels malveillants ou autres attaques d\u2019ing\u00e9nierie sociale (phishing, pharming, chevaux de Troie, etc.) que des tiers pourraient avoir d\u00e9lib\u00e9r\u00e9ment plac\u00e9s sur nos serveurs, pendant le temps n\u00e9cessaire pour activer les mesures de protection r\u00e9actives de cette entit\u00e9. Si l\u2019utilisateur d\u00e9tecte des erreurs dans le fonctionnement ou des comportements anormaux du site, il peut envoyer un e-mail \u00e0 l\u2019adresse indiqu\u00e9e ci-dessus. L&#8217;acc\u00e8s aux contenus de ce site Web par des syst\u00e8mes automatis\u00e9s diff\u00e9rents des personnes physiques est interdit, car cela pourrait causer des dommages au titulaire du site Web en ne permettant pas de mesurer objectivement les audiences.<\/p>\n<p data-start=\"2592\" data-end=\"2846\"><strong data-start=\"2592\" data-end=\"2632\">Conditions d\u2019utilisation du site Web<\/strong> : Les contenus et informations fournis via <a class=\"decorated-link\" href=\"http:\/\/www.grupostin.com\" target=\"_new\" rel=\"noopener\" data-start=\"2676\" data-end=\"2693\">www.grupostin.com<\/a> sont conformes \u00e0 la l\u00e9gislation en vigueur et sont la propri\u00e9t\u00e9 de STIN SERVICIOS NO MEC\u00c1NICOS, S.L.U. ou acquis ou exploit\u00e9s sous des titres l\u00e9gitimes.<\/p>\n<p data-start=\"2848\" data-end=\"3107\">Le titulaire du site Web peut proposer via le site des services ou produits qui peuvent \u00eatre soumis \u00e0 des conditions particuli\u00e8res qui, selon les cas, remplacent, compl\u00e8tent et\/ou modifient les pr\u00e9sentes conditions. Dans ce cas, l\u2019utilisateur en sera inform\u00e9.<\/p>\n<p data-start=\"3109\" data-end=\"3557\">L\u2019utilisation du site Web conf\u00e8re la qualit\u00e9 d\u2019utilisateur du site et implique l\u2019acceptation totale et sans r\u00e9serve de toutes les dispositions contenues dans cet avis l\u00e9gal, dans la version publi\u00e9e par STIN SERVICIOS NO MEC\u00c1NICOS, S.L.U. au moment m\u00eame o\u00f9 l\u2019utilisateur acc\u00e8de au site Web. En cons\u00e9quence, l\u2019utilisateur doit lire attentivement le pr\u00e9sent avis l\u00e9gal \u00e0 chaque fois qu\u2019il souhaite utiliser le site Web, car celui-ci peut \u00eatre modifi\u00e9.<\/p>\n<p data-start=\"3559\" data-end=\"4165\">L\u2019utilisateur s\u2019engage \u00e0 utiliser le site Web, les contenus et services conform\u00e9ment \u00e0 la loi, au pr\u00e9sent avis l\u00e9gal, \u00e0 la politique de confidentialit\u00e9, aux bonnes m\u0153urs et \u00e0 l\u2019ordre public. De m\u00eame, l\u2019utilisateur s\u2019engage \u00e0 ne pas utiliser le site Web ou les services fournis via celui-ci \u00e0 des fins ou pour des effets ill\u00e9gaux ou contraires au contenu de cet avis l\u00e9gal, portant atteinte aux int\u00e9r\u00eats ou droits de tiers, ou de toute mani\u00e8re susceptible d\u2019endommager, de rendre inutilisable ou d\u2019alt\u00e9rer le site Web ou ses services, ou d\u2019emp\u00eacher une utilisation normale du site par d\u2019autres utilisateurs.<\/p>\n<p data-start=\"4167\" data-end=\"4376\">De plus, l\u2019utilisateur s\u2019engage express\u00e9ment \u00e0 ne pas d\u00e9truire, alt\u00e9rer, rendre inutilisables ou, de toute autre mani\u00e8re, endommager les donn\u00e9es, programmes ou documents \u00e9lectroniques pr\u00e9sents sur ce site Web.<\/p>\n<p data-start=\"4378\" data-end=\"4645\">L\u2019utilisateur s\u2019engage \u00e0 ne pas introduire de programmes, virus, macros, contr\u00f4les ou tout autre dispositif logique ou s\u00e9quence de caract\u00e8res susceptibles de causer ou de provoquer toute alt\u00e9ration dans les syst\u00e8mes informatiques du titulaire du site Web ou de tiers.<\/p>\n<p data-start=\"4647\" data-end=\"4824\">L\u2019utilisateur accepte et d\u00e9clare conna\u00eetre le pr\u00e9sent avis l\u00e9gal et la politique de confidentialit\u00e9. Dans le cas contraire, l\u2019utilisateur doit quitter imm\u00e9diatement le site Web.<\/p>\n<p data-start=\"4826\" data-end=\"5069\">L\u2019activit\u00e9 n\u2019est soumise \u00e0 aucun r\u00e9gime d\u2019autorisation administrative pr\u00e9alable, ni soumise \u00e0 des codes de conduite, sauf \u00e0 la bonne foi, \u00e0 la coutume et au Code civil. Le titulaire ne fournit pas de services d\u2019interm\u00e9diation ou d\u2019h\u00e9bergement.<\/p>\n<p data-start=\"5071\" data-end=\"5770\"><strong data-start=\"5071\" data-end=\"5084\">Publicit\u00e9<\/strong> : Le site Web peut contenir des contenus publicitaires ou \u00eatre sponsoris\u00e9. Les annonceurs et sponsors sont les seuls responsables de s\u2019assurer que le mat\u00e9riel envoy\u00e9 pour son inclusion sur le site Web respecte les lois et les consentements applicables. Le titulaire du site Web ne sera pas responsable des erreurs, inexactitudes ou irr\u00e9gularit\u00e9s pouvant exister dans les contenus publicitaires ou de ceux des sponsors. Il ne sera pas responsable non plus des dommages \u00e0 la sensibilit\u00e9 que le mat\u00e9riel publicitaire ou d\u2019autres mat\u00e9riaux pourraient causer aux utilisateurs ou visiteurs du site Web. Pour les informations concernant les mineurs, consultez la politique de confidentialit\u00e9.<\/p>\n<p data-start=\"5772\" data-end=\"6138\"><strong data-start=\"5772\" data-end=\"5816\">Propri\u00e9t\u00e9 intellectuelle et industrielle<\/strong> : Tous les contenus du site Web, sauf mention contraire, sont la propri\u00e9t\u00e9 exclusive du titulaire du site ou de tiers et, \u00e0 titre indicatif mais non limitatif, le design graphique, le code source, les logos, les textes, les graphiques, les illustrations, les photographies et autres \u00e9l\u00e9ments apparaissant sur le site Web.<\/p>\n<p data-start=\"6140\" data-end=\"6273\">De m\u00eame, tous les noms commerciaux, marques ou signes distinctifs de toute nature contenus dans le site Web sont prot\u00e9g\u00e9s par la loi.<\/p>\n<p data-start=\"6275\" data-end=\"6541\">Le titulaire du site Web ne conc\u00e8de aucune licence ou autorisation d\u2019utilisation personnelle \u00e0 l\u2019utilisateur ou au visiteur concernant ses droits de propri\u00e9t\u00e9 intellectuelle et industrielle ou tout autre droit li\u00e9 \u00e0 son site Web et aux services fournis sur celui-ci.<\/p>\n<p data-start=\"6543\" data-end=\"7004\">Tous les droits sont r\u00e9serv\u00e9s. L\u2019utilisateur ou le visiteur reconna\u00eet que la reproduction, la distribution, la commercialisation, la transformation et, en g\u00e9n\u00e9ral, toute autre forme d\u2019exploitation, par tout proc\u00e9d\u00e9, de tout ou partie des contenus de ce site Web constitue une violation des droits de propri\u00e9t\u00e9 intellectuelle et\/ou industrielle du titulaire du site Web ou du titulaire desdits contenus, et un d\u00e9lit au regard du Code p\u00e9nal, et est donc interdit.<\/p>\n<p data-start=\"7006\" data-end=\"7404\"><strong data-start=\"7006\" data-end=\"7053\">Responsabilit\u00e9 de l\u2019utilisation du site Web<\/strong> : L\u2019utilisateur est le seul responsable des infractions qu\u2019il pourrait commettre ou des pr\u00e9judices qu\u2019il pourrait causer par l\u2019utilisation du site Web ou de ses contenus, et le titulaire du site Web, ses partenaires, fournisseurs, collaborateurs, employ\u00e9s et repr\u00e9sentants sont exon\u00e9r\u00e9s de toute responsabilit\u00e9 d\u00e9coulant des actions de l\u2019utilisateur.<\/p>\n<p data-start=\"7406\" data-end=\"7706\">Le titulaire du site Web mettra tous les efforts et moyens raisonnables pour fournir des informations actualis\u00e9es et fiables sur le site Web, mais n\u2019assume aucune garantie concernant l\u2019absence d\u2019erreurs, d\u2019\u00e9ventuelles inexactitudes et\/ou omissions dans aucun des contenus accessibles via ce site Web.<\/p>\n<p data-start=\"7708\" data-end=\"8105\">L\u2019utilisateur est le seul responsable de toute r\u00e9clamation ou action l\u00e9gale, judiciaire ou extrajudiciaire, engag\u00e9e par des tiers contre le titulaire du site Web fond\u00e9e sur l\u2019utilisation par l\u2019utilisateur du site Web ou de ses contenus. Le cas \u00e9ch\u00e9ant, l\u2019utilisateur assumera tous les frais, co\u00fbts et indemnit\u00e9s caus\u00e9s au titulaire du site Web \u00e0 la suite de telles r\u00e9clamations ou actions l\u00e9gales.<\/p>\n<p data-start=\"8107\" data-end=\"8453\"><strong data-start=\"8107\" data-end=\"8155\">Responsabilit\u00e9 du fonctionnement du site Web<\/strong> : Le titulaire du site Web exclut toute responsabilit\u00e9 pouvant d\u00e9couler d\u2019interf\u00e9rences, omissions, interruptions, virus informatiques, pannes t\u00e9l\u00e9phoniques ou d\u00e9connexions dans le fonctionnement op\u00e9rationnel du syst\u00e8me \u00e9lectronique, caus\u00e9es par des raisons ind\u00e9pendantes du titulaire du site Web.<\/p>\n<p data-start=\"8455\" data-end=\"8828\">De m\u00eame, le titulaire du site Web exclut \u00e9galement toute responsabilit\u00e9 pouvant d\u00e9couler de retards ou de blocages dans le fonctionnement op\u00e9rationnel de ce syst\u00e8me \u00e9lectronique caus\u00e9s par des d\u00e9fauts ou une surcharge des lignes t\u00e9l\u00e9phoniques ou d\u2019Internet, ainsi que des dommages caus\u00e9s par des tiers via des intrusions ill\u00e9gales hors du contr\u00f4le du titulaire du site Web.<\/p>\n<p data-start=\"8830\" data-end=\"9015\">Le titulaire du site Web est autoris\u00e9 \u00e0 suspendre temporairement, sans pr\u00e9avis, l\u2019accessibilit\u00e9 au site Web en raison de travaux de maintenance, r\u00e9paration, mise \u00e0 jour ou am\u00e9lioration.<\/p>\n<p data-start=\"9017\" data-end=\"9339\"><strong data-start=\"9017\" data-end=\"9045\">Responsabilit\u00e9 des liens<\/strong> : Le titulaire du site Web est exempt de toute responsabilit\u00e9 concernant les informations trouv\u00e9es en dehors du site Web, car la fonction des liens qui y apparaissent est uniquement d\u2019informer l\u2019utilisateur de l\u2019existence d\u2019autres sources d\u2019information sur un sujet sp\u00e9cifique ou de publicit\u00e9.<\/p>\n<p data-start=\"9341\" data-end=\"9551\" data-is-last-node=\"\" data-is-only-node=\"\"><strong data-start=\"9341\" data-end=\"9417\">Politique concernant les donn\u00e9es personnelles collect\u00e9es via le site Web<\/strong> : Sans pr\u00e9judice de ce qui est indiqu\u00e9 dans chaque formulaire du site Web, lorsque l\u2019utilisateur fournit ses donn\u00e9es personnelles, il.<\/p>\n","protected":false},"excerpt":{"rendered":"<p>Identit\u00e9 du titulaire du site Web : Le pr\u00e9sent avis et informations l\u00e9gales r\u00e9gissent l\u2019utilisation du service du site Internet sous le nom de domaine suivant : http:\/\/www.grupostin.com. GRUPO STIN est le nom commercial inclus sur le site Web ci-dessus indiqu\u00e9 et objet du pr\u00e9sent avis l\u00e9gal, en tant que prestataire de services de la [&hellip;]<\/p>\n","protected":false},"author":1,"featured_media":0,"parent":0,"menu_order":0,"comment_status":"closed","ping_status":"closed","template":"","meta":{"footnotes":""},"class_list":["post-1321","page","type-page","status-publish","hentry"],"yoast_head":"<!-- This site is optimized with the Yoast SEO plugin v23.9 - https:\/\/yoast.com\/wordpress\/plugins\/seo\/ -->\n<title>Aviso Legal - Grupo STIN FR<\/title>\n<meta name=\"robots\" content=\"index, follow, max-snippet:-1, max-image-preview:large, max-video-preview:-1\" \/>\n<link rel=\"canonical\" href=\"https:\/\/www.grupostin.com\/fr\/aviso-legal\/\" \/>\n<meta property=\"og:locale\" content=\"es_ES\" \/>\n<meta property=\"og:type\" content=\"article\" \/>\n<meta property=\"og:title\" content=\"Aviso Legal - Grupo STIN FR\" \/>\n<meta property=\"og:description\" content=\"Identit\u00e9 du titulaire du site Web : Le pr\u00e9sent avis et informations l\u00e9gales r\u00e9gissent l\u2019utilisation du service du site Internet sous le nom de domaine suivant : http:\/\/www.grupostin.com. GRUPO STIN est le nom commercial inclus sur le site Web ci-dessus indiqu\u00e9 et objet du pr\u00e9sent avis l\u00e9gal, en tant que prestataire de services de la [&hellip;]\" \/>\n<meta property=\"og:url\" content=\"https:\/\/www.grupostin.com\/fr\/aviso-legal\/\" \/>\n<meta property=\"og:site_name\" content=\"Grupo STIN FR\" \/>\n<meta property=\"article:modified_time\" content=\"2026-04-07T07:54:01+00:00\" \/>\n<meta name=\"twitter:card\" content=\"summary_large_image\" \/>\n<meta name=\"twitter:label1\" content=\"Tiempo de lectura\" \/>\n\t<meta name=\"twitter:data1\" content=\"10 minutos\" \/>\n<script type=\"application\/ld+json\" class=\"yoast-schema-graph\">{\"@context\":\"https:\/\/schema.org\",\"@graph\":[{\"@type\":\"WebPage\",\"@id\":\"https:\/\/www.grupostin.com\/fr\/aviso-legal\/\",\"url\":\"https:\/\/www.grupostin.com\/fr\/aviso-legal\/\",\"name\":\"Aviso Legal - Grupo STIN FR\",\"isPartOf\":{\"@id\":\"https:\/\/www.grupostin.com\/fr\/#website\"},\"datePublished\":\"2019-05-22T15:56:04+00:00\",\"dateModified\":\"2026-04-07T07:54:01+00:00\",\"breadcrumb\":{\"@id\":\"https:\/\/www.grupostin.com\/fr\/aviso-legal\/#breadcrumb\"},\"inLanguage\":\"es\",\"potentialAction\":[{\"@type\":\"ReadAction\",\"target\":[\"https:\/\/www.grupostin.com\/fr\/aviso-legal\/\"]}]},{\"@type\":\"BreadcrumbList\",\"@id\":\"https:\/\/www.grupostin.com\/fr\/aviso-legal\/#breadcrumb\",\"itemListElement\":[{\"@type\":\"ListItem\",\"position\":1,\"name\":\"Portada\",\"item\":\"https:\/\/www.grupostin.com\/fr\/\"},{\"@type\":\"ListItem\",\"position\":2,\"name\":\"Aviso Legal\"}]},{\"@type\":\"WebSite\",\"@id\":\"https:\/\/www.grupostin.com\/fr\/#website\",\"url\":\"https:\/\/www.grupostin.com\/fr\/\",\"name\":\"Grupo STIN FR\",\"description\":\"\",\"potentialAction\":[{\"@type\":\"SearchAction\",\"target\":{\"@type\":\"EntryPoint\",\"urlTemplate\":\"https:\/\/www.grupostin.com\/fr\/?s={search_term_string}\"},\"query-input\":{\"@type\":\"PropertyValueSpecification\",\"valueRequired\":true,\"valueName\":\"search_term_string\"}}],\"inLanguage\":\"es\"}]}<\/script>\n<!-- \/ Yoast SEO plugin. -->","yoast_head_json":{"title":"Aviso Legal - Grupo STIN FR","robots":{"index":"index","follow":"follow","max-snippet":"max-snippet:-1","max-image-preview":"max-image-preview:large","max-video-preview":"max-video-preview:-1"},"canonical":"https:\/\/www.grupostin.com\/fr\/aviso-legal\/","og_locale":"es_ES","og_type":"article","og_title":"Aviso Legal - Grupo STIN FR","og_description":"Identit\u00e9 du titulaire du site Web : Le pr\u00e9sent avis et informations l\u00e9gales r\u00e9gissent l\u2019utilisation du service du site Internet sous le nom de domaine suivant : http:\/\/www.grupostin.com. GRUPO STIN est le nom commercial inclus sur le site Web ci-dessus indiqu\u00e9 et objet du pr\u00e9sent avis l\u00e9gal, en tant que prestataire de services de la [&hellip;]","og_url":"https:\/\/www.grupostin.com\/fr\/aviso-legal\/","og_site_name":"Grupo STIN FR","article_modified_time":"2026-04-07T07:54:01+00:00","twitter_card":"summary_large_image","twitter_misc":{"Tiempo de lectura":"10 minutos"},"schema":{"@context":"https:\/\/schema.org","@graph":[{"@type":"WebPage","@id":"https:\/\/www.grupostin.com\/fr\/aviso-legal\/","url":"https:\/\/www.grupostin.com\/fr\/aviso-legal\/","name":"Aviso Legal - Grupo STIN FR","isPartOf":{"@id":"https:\/\/www.grupostin.com\/fr\/#website"},"datePublished":"2019-05-22T15:56:04+00:00","dateModified":"2026-04-07T07:54:01+00:00","breadcrumb":{"@id":"https:\/\/www.grupostin.com\/fr\/aviso-legal\/#breadcrumb"},"inLanguage":"es","potentialAction":[{"@type":"ReadAction","target":["https:\/\/www.grupostin.com\/fr\/aviso-legal\/"]}]},{"@type":"BreadcrumbList","@id":"https:\/\/www.grupostin.com\/fr\/aviso-legal\/#breadcrumb","itemListElement":[{"@type":"ListItem","position":1,"name":"Portada","item":"https:\/\/www.grupostin.com\/fr\/"},{"@type":"ListItem","position":2,"name":"Aviso Legal"}]},{"@type":"WebSite","@id":"https:\/\/www.grupostin.com\/fr\/#website","url":"https:\/\/www.grupostin.com\/fr\/","name":"Grupo STIN FR","description":"","potentialAction":[{"@type":"SearchAction","target":{"@type":"EntryPoint","urlTemplate":"https:\/\/www.grupostin.com\/fr\/?s={search_term_string}"},"query-input":{"@type":"PropertyValueSpecification","valueRequired":true,"valueName":"search_term_string"}}],"inLanguage":"es"}]}},"_links":{"self":[{"href":"https:\/\/www.grupostin.com\/fr\/wp-json\/wp\/v2\/pages\/1321","targetHints":{"allow":["GET"]}}],"collection":[{"href":"https:\/\/www.grupostin.com\/fr\/wp-json\/wp\/v2\/pages"}],"about":[{"href":"https:\/\/www.grupostin.com\/fr\/wp-json\/wp\/v2\/types\/page"}],"author":[{"embeddable":true,"href":"https:\/\/www.grupostin.com\/fr\/wp-json\/wp\/v2\/users\/1"}],"replies":[{"embeddable":true,"href":"https:\/\/www.grupostin.com\/fr\/wp-json\/wp\/v2\/comments?post=1321"}],"version-history":[{"count":5,"href":"https:\/\/www.grupostin.com\/fr\/wp-json\/wp\/v2\/pages\/1321\/revisions"}],"predecessor-version":[{"id":1904,"href":"https:\/\/www.grupostin.com\/fr\/wp-json\/wp\/v2\/pages\/1321\/revisions\/1904"}],"wp:attachment":[{"href":"https:\/\/www.grupostin.com\/fr\/wp-json\/wp\/v2\/media?parent=1321"}],"curies":[{"name":"wp","href":"https:\/\/api.w.org\/{rel}","templated":true}]}}